{"id":968,"date":"2024-11-10T12:53:45","date_gmt":"2024-11-10T12:53:45","guid":{"rendered":"https:\/\/www.jazz.vallees-connectees.alsace\/?page_id=968"},"modified":"2026-03-17T19:14:07","modified_gmt":"2026-03-17T18:14:07","slug":"association","status":"publish","type":"page","link":"https:\/\/munsterjazz.fr\/index.php\/association\/","title":{"rendered":"Qui sommes nous ?"},"content":{"rendered":"\n<div class=\"wp-block-kadence-column kadence-column968_a1864f-1b\"><div class=\"kt-inside-inner-col\"><h1 class=\" wp-block-heading has-text-align-center eplus-wrapper eplus-styles-uid-d3d13e\"><strong>Qui sommes nous ?<\/strong> <\/h1>\n\n\n<figure class=\" wp-block-image aligncenter size-large is-resized eplus-wrapper\"><img loading=\"lazy\" decoding=\"async\" width=\"1024\" height=\"508\" src=\"http:\/\/munsterjazz.fr\/wp-content\/uploads\/2026\/03\/qui_sommes_nous_cropped-1024x508.jpeg\" alt=\"\" class=\"wp-image-5615\" style=\"width:900px\" srcset=\"https:\/\/munsterjazz.fr\/wp-content\/uploads\/2026\/03\/qui_sommes_nous_cropped-1024x508.jpeg 1024w, https:\/\/munsterjazz.fr\/wp-content\/uploads\/2026\/03\/qui_sommes_nous_cropped-300x149.jpeg 300w, https:\/\/munsterjazz.fr\/wp-content\/uploads\/2026\/03\/qui_sommes_nous_cropped-768x381.jpeg 768w, https:\/\/munsterjazz.fr\/wp-content\/uploads\/2026\/03\/qui_sommes_nous_cropped-1536x762.jpeg 1536w, https:\/\/munsterjazz.fr\/wp-content\/uploads\/2026\/03\/qui_sommes_nous_cropped-2048x1016.jpeg 2048w\" sizes=\"auto, (max-width: 1024px) 100vw, 1024px\" \/><\/figure>\n\n\n\n<p class=\" has-text-align-left eplus-wrapper\">L\u2019association Jazz Festival de Munster (JFM) a \u00e9t\u00e9 fond\u00e9e en 1991, peu d&#8217;ann\u00e9es apr\u00e8s le premier Festival (1988). Elle a beaucoup souffert de la p\u00e9riode Covid et a failli disparaitre en 2023. Finalement sauv\u00e9e in extremis par une nouvelle \u00e9quipe, elle compte actuellement une quinzaine d\u2019adh\u00e9rents, tr\u00e8s motiv\u00e9s, qui prennent \u00e0 peu pr\u00e8s tous une part active a l\u2019organisation et se r\u00e9unissent en assembl\u00e9e g\u00e9n\u00e9rale plusieurs fois par an pour se r\u00e9partir les diverses t\u00e2ches.<\/p>\n\n\n\n<div style=\"height:119px\" aria-hidden=\"true\" class=\" wp-block-spacer eplus-wrapper\"><\/div>\n<\/div><\/div>\n\n\n\n<div class=\"mountain_blue_top eplus-wrapper wp-block-cover alignfull is-light\" style=\"margin-top:-75px;margin-bottom:0;padding-top:0px;padding-right:0;padding-bottom:0;padding-left:0;min-height:70px;aspect-ratio:unset;\"><img loading=\"lazy\" decoding=\"async\" width=\"4053\" height=\"458\" class=\"wp-block-cover__image-background wp-image-5675 size-large\" alt=\"\" src=\"http:\/\/munsterjazz.fr\/wp-content\/uploads\/2026\/03\/bg_12_t.svg\" data-object-fit=\"cover\"\/><span aria-hidden=\"true\" class=\"wp-block-cover__background has-background-dim-0 has-background-dim\" style=\"background-color:#e5e5e5\"><\/span><div class=\"wp-block-cover__inner-container is-layout-constrained wp-container-core-cover-is-layout-d6a66326 wp-block-cover-is-layout-constrained\">\n<p class=\"eplus-wrapper has-text-align-center has-large-font-size\"><\/p>\n<\/div><\/div>\n\n\n\n<div class=\" wp-block-cover alignfull is-light eplus-wrapper\"><span aria-hidden=\"true\" class=\"wp-block-cover__background has-background-dim-100 has-background-dim\" style=\"background-color:#e5e5e5\"><\/span><div class=\"wp-block-cover__inner-container is-layout-constrained wp-block-cover-is-layout-constrained\"><div class=\"kb-row-layout-wrap kb-row-layout-id968_2d5672-08 alignnone wp-block-kadence-rowlayout\"><div class=\"kt-row-column-wrap kt-has-2-columns kt-row-layout-equal kt-tab-layout-inherit kt-mobile-layout-row kt-row-valign-top\">\n\n<div class=\"wp-block-kadence-column kadence-column968_ecc165-66\"><div class=\"kt-inside-inner-col\">\n<div class=\"wp-block-kadence-column kadence-column968_4587b1-06\"><div class=\"kt-inside-inner-col\"><h2 class=\" wp-block-heading has-text-align-center eplus-wrapper eplus-styles-uid-eb50a4\">Contact<\/h2>\n\n\n<p class=\" has-text-align-center eplus-wrapper\">Une question sur la programmation ?<br>De venir s\u2019essayer sur la sc\u00e8ne ouverte de notre buvette \u201ctout en jazz\u201d en fin d\u2019apr\u00e8s-midi ?<br>Ou tout simplement envie d\u2019\u00e9changer sur notre passion commune, le jazz ?<\/p>\n\n\n<p class=\" has-text-align-center eplus-wrapper eplus-styles-uid-d66b37\">\u00c9crivez-nous <a href=\"mailto:contact@munsterjazz.fr\"><\/a>\u00e0 <strong><a href=\"mailto:contact@munsterjazz.fr\">contact@munsterjazz.fr<\/a><\/strong><\/p>\n\n\n<p class=\" has-text-align-center eplus-wrapper\"><strong>Adresse postale :<\/strong> Association Jazz Festival de Munster, 24 rue de Sillacker, 68380 Metzeral<\/p>\n<\/div><\/div>\n<\/div><\/div>\n\n\n\n<div class=\"wp-block-kadence-column kadence-column968_c7bcb4-5a\"><div class=\"kt-inside-inner-col\">\n<h2 class=\" wp-block-heading has-text-align-center eplus-wrapper\">Nous soutenir<\/h2>\n\n\n\n<p class=\" has-text-align-center eplus-wrapper\">Vous aimez le jazz et vous souhaitez aider ce festival \u00e0 \u00eatre plus ambitieux, plus innovant, plus g\u00e9n\u00e9reux pour les artistes, plus festif pour les festivaliers, rejoignez-nous en adh\u00e9rant \u00e0 l\u2019association (contact@munsterjazz.fr et diener@orange.fr) ou en faisant un don<\/p>\n\n\n\n<div class=\"wp-block-kadence-advancedbtn kb-buttons-wrap kb-btns968_20560d-c5\"><a class=\"kb-button kt-button button kb-btn968_20c06b-cf kt-btn-size-large kt-btn-width-type-auto kb-btn-global-inherit  kt-btn-has-text-true kt-btn-has-svg-false  wp-block-button__link wp-block-kadence-singlebtn\" href=\"https:\/\/www.helloasso.com\/associations\/jazz-festival-de-munster\/formulaires\/3\"><span class=\"kt-btn-inner-text\">Je fais un don<\/span><\/a><\/div>\n\n\n\n<p class=\" has-text-align-center eplus-wrapper\">Comme nous, vous pensez que le festival doit \u00eatre plus inclusif et mieux ancr\u00e9 dans son territoire, comme nous, vous aimeriez faire d\u00e9couvrir le jazz au plus grand nombre et, notamment, aux enfants de la vall\u00e9e. D\u00e9couvrez les activit\u00e9s que nous organisons <em>Autour du Festival<\/em>. Ces activit\u00e9s ne sont pas ou tr\u00e8s peu subventionn\u00e9es et ne donnent lieu \u00e0 aucune billetterie. Si vous pensez que c\u2019est important, alors aidez-nous!<\/p>\n<\/div><\/div>\n\n<\/div><\/div><\/div><\/div>\n\n\n\n<div class=\"cover_blue eplus-wrapper wp-block-cover alignfull is-light\" style=\"margin-top:-10px;margin-bottom:0;padding-top:0px;padding-bottom:0px;min-height:196px;aspect-ratio:unset;\"><img loading=\"lazy\" decoding=\"async\" width=\"4058\" height=\"428\" class=\"wp-block-cover__image-background wp-image-5676 size-large\" alt=\"\" src=\"http:\/\/munsterjazz.fr\/wp-content\/uploads\/2026\/03\/bg_12_b.svg\" data-object-fit=\"cover\"\/><span aria-hidden=\"true\" class=\"wp-block-cover__background has-background-dim-0 has-background-dim\"><\/span><div class=\"wp-block-cover__inner-container is-layout-constrained wp-block-cover-is-layout-constrained\">\n<p class=\"eplus-wrapper has-text-align-center has-large-font-size\"><\/p>\n<\/div><\/div>\n\n\n\n<div class=\"wp-block-kadence-column kadence-column968_808944-f8\"><div class=\"kt-inside-inner-col\">\n<h2 class=\" wp-block-heading has-text-align-center eplus-wrapper\">B\u00e9n\u00e9voles<\/h2>\n\n\n\n<p class=\" has-text-align-left eplus-wrapper\">L\u2019aide des b\u00e9n\u00e9voles est essentielle pour finaliser l\u2019organisation du festival.<\/p>\n\n\n\n<p class=\" has-text-align-left eplus-wrapper\">Dans une ambiance d\u00e9tendue et amicale, ils participent pendant les concerts ainsi que les apr\u00e8s-midi qui les pr\u00e9c\u00e8dent aux t\u00e2ches mat\u00e9rielles de dernier moment : \u00e9laboration du buffet, confection de sandwiches, tenue de quelques stands.<\/p>\n\n\n<p class=\" has-text-align-left eplus-wrapper eplus-styles-uid-87c690\">Contactez-nous si vous \u00eates int\u00e9ress\u00e9, en pr\u00e9cisant vos disponibilit\u00e9s et \u00e9ventuellement vos comp\u00e9tences, nous vous en serons bien reconnaissants.<\/p>\n\n\n<p class=\" has-text-align-left eplus-wrapper\">Mail: <strong>diener@orange.fr<\/strong><\/p>\n\n\n\n<p class=\" has-text-align-left eplus-wrapper\">JFM 24 rue de Sillacker 68380 Metzeral.<\/p>\n\n\n\n<figure class=\" wp-block-image aligncenter size-large eplus-wrapper\"><img loading=\"lazy\" decoding=\"async\" width=\"1024\" height=\"496\" src=\"http:\/\/munsterjazz.fr\/wp-content\/uploads\/2025\/02\/MembresJFM-1024x496.jpg\" alt=\"\" class=\"wp-image-4081\" srcset=\"https:\/\/munsterjazz.fr\/wp-content\/uploads\/2025\/02\/MembresJFM-1024x496.jpg 1024w, https:\/\/munsterjazz.fr\/wp-content\/uploads\/2025\/02\/MembresJFM-300x145.jpg 300w, https:\/\/munsterjazz.fr\/wp-content\/uploads\/2025\/02\/MembresJFM-768x372.jpg 768w, https:\/\/munsterjazz.fr\/wp-content\/uploads\/2025\/02\/MembresJFM.jpg 1467w\" sizes=\"auto, (max-width: 1024px) 100vw, 1024px\" \/><\/figure>\n<\/div><\/div>\n\n\n\n<div style=\"height:128px\" aria-hidden=\"true\" class=\" wp-block-spacer eplus-wrapper\"><\/div>\n\n\n\n<div class=\"mountain_blue_top eplus-wrapper wp-block-cover alignfull is-light\" style=\"margin-top:-75px;margin-bottom:0;padding-top:0px;padding-right:0;padding-bottom:0;padding-left:0;min-height:70px;aspect-ratio:unset;\"><img loading=\"lazy\" decoding=\"async\" width=\"4053\" height=\"458\" class=\"wp-block-cover__image-background wp-image-5680 size-large\" alt=\"\" src=\"http:\/\/munsterjazz.fr\/wp-content\/uploads\/2026\/03\/bg_13_t.svg\" data-object-fit=\"cover\"\/><span aria-hidden=\"true\" class=\"wp-block-cover__background has-background-dim-0 has-background-dim\" style=\"background-color:#ffe0e0\"><\/span><div class=\"wp-block-cover__inner-container is-layout-constrained wp-container-core-cover-is-layout-d6a66326 wp-block-cover-is-layout-constrained\">\n<p class=\"eplus-wrapper has-text-align-center has-large-font-size\"><\/p>\n<\/div><\/div>\n\n\n\n<div class=\" wp-block-cover alignfull is-light eplus-wrapper\"><span aria-hidden=\"true\" class=\"wp-block-cover__background has-background-dim-100 has-background-dim\" style=\"background-color:#ffe0e0\"><\/span><div class=\"wp-block-cover__inner-container is-layout-constrained wp-block-cover-is-layout-constrained\">\n<p class=\" eplus-wrapper\"><\/p>\n\n\n\n<div class=\"wp-block-kadence-column kadence-column968_94bae7-32\"><div class=\"kt-inside-inner-col\">\n<h2 class=\" wp-block-heading has-text-align-center eplus-wrapper\">Historique du festival<\/h2>\n\n\n\n<p class=\" has-text-align-center eplus-wrapper\">Le Jazz Festival de Munster a \u00e9t\u00e9 cr\u00e9\u00e9 <strong>en 1988<\/strong> gr\u00e2ce \u00e0 la volont\u00e9 du maire de la ville d\u2019enrichir l\u2019offre culturelle locale et \u00e0 l\u2019implication passionn\u00e9e de <strong>Michel Hausser<\/strong>, vibraphoniste et jazzman de renomm\u00e9e internationale, qui a relev\u00e9 le d\u00e9fi de mettre en place cet \u00e9v\u00e9nement musical. V\u00e9ritable d\u00e9fi \u00e0 son origine, le festival s\u2019est rapidement impos\u00e9 comme un rendez-vous majeur sur la sc\u00e8ne culturelle r\u00e9gionale, puis nationale. Organis\u00e9 pendant <strong>la semaine de l\u2019Ascension<\/strong>, il attire un public fid\u00e8le, offrant aux habitants de la vall\u00e9e l\u2019opportunit\u00e9 de d\u00e9couvrir une grande diversit\u00e9 de jazz.<\/p>\n<\/div><\/div>\n\n\n\n<div style=\"height:60px\" aria-hidden=\"true\" class=\" wp-block-spacer eplus-wrapper\"><\/div>\n\n\n\n<div class=\"wp-block-kadence-column kadence-column968_4b1eaa-a8\"><div class=\"kt-inside-inner-col\">\n<h2 class=\" wp-block-heading has-text-align-center eplus-wrapper\">Objectifs<\/h2>\n\n\n\n<p class=\" eplus-wrapper\">Que faire aujourd\u2019hui d\u2019un festival de plus de 35 ans, qui reste grav\u00e9 dans les m\u00e9moires de nombreux participants, avec ses moments inoubliables, ses invitation de vedettes mondialement connues (souvent des amis de Michel Hausser), l\u2019ann\u00e9e o\u00f9 les harmonies de la vall\u00e9e se sont r\u00e9unies pour un concert de jazz m\u00e9morable ouvert \u00e0 tous, celle o\u00f9 les enfants des \u00e9coles des villages voisins ont particip\u00e9 \u00e0 la f\u00eate, sur sc\u00e8ne ou dans le public, ou encore le club de jazz (le \u00ab&nbsp;boeuf&nbsp;\u00bb) o\u00f9 les concerts se prolongeaient tard dans la nuit avec les musiciens de passage ? Ce fut une v\u00e9ritable institution, mais que reste-t-il d\u00e9sormais, apr\u00e8s la disparition de son fondateur et animateur principal et le d\u00e9part de nombreux b\u00e9n\u00e9voles historiques ?<\/p>\n\n\n\n<p class=\" eplus-wrapper\">Aujourd\u2019hui, notre objectif est de pr\u00e9server cet h\u00e9ritage prestigieux tout en y int\u00e9grant des valeurs plus actuelles, telles que la promotion de <strong>la diversit\u00e9<\/strong>, une plus grande place pour les jazzwomen, <strong>l\u2019inclusion<\/strong> d\u2019artistes issus de la diversit\u00e9, l\u2019accueil de tous les publics, <strong>l\u2019int\u00e9gration<\/strong> dans la culture et l\u2019\u00e9conomie locale, la durabilit\u00e9 en r\u00e9duisant notre empreinte \u00e9cologique, et <strong>l\u2019\u00e9ducation pour tous<\/strong> afin de pr\u00e9parer l\u2019avenir.<\/p>\n\n\n\n<p class=\" eplus-wrapper\">Qui mieux que le jazz peut nous aider \u00e0 atteindre ces objectifs ? En s\u2019inspirant de Mme Audrey Azoulay, directrice g\u00e9n\u00e9rale de l\u2019UNESCO, dans son texte de pr\u00e9sentation de la Journ\u00e9e internationale du jazz :<\/p>\n\n\n<ul class=\" wp-block-list eplus-wrapper eplus-styles-uid-b565d2\">\n<li class=\" eplus-wrapper\">Le jazz stimule l\u2019innovation artistique et l\u2019int\u00e9gration des formes musicales traditionnelles dans la modernit\u00e9,<\/li>\n\n\n\n<li class=\" eplus-wrapper\">Le jazz abolit les fronti\u00e8res et favorise la tol\u00e9rance ainsi que la compr\u00e9hension mutuelle,<\/li>\n\n\n\n<li class=\" eplus-wrapper\">Le jazz est un v\u00e9ritable vecteur de libert\u00e9 d\u2019expression,<\/li>\n\n\n\n<li class=\" eplus-wrapper\">La pratique du jazz est un art fond\u00e9 sur l\u2019improvisation et l\u2019\u00e9coute de l\u2019autre.<\/li>\n<\/ul>\n\n\n<p class=\" eplus-wrapper\"><br>Aujourd\u2019hui, l\u2019association Jazz Festival de Munster organise le festival ainsi que d\u2019autres activit\u00e9s tout au long de l\u2019ann\u00e9e, telles que des m\u00e9diations culturelles destin\u00e9es aux enfants. Nous souhaitons \u00e9galement organiser, \u00e0 l\u2019avenir, des \u00ab master classes \u00bb et des r\u00e9sidences d\u2019artistes. Pour r\u00e9aliser ces projets, nous b\u00e9n\u00e9ficions du soutien de nombreux partenaires institutionnels, m\u00e9c\u00e8nes et associations amies. <strong>Un grand merci \u00e0 tous !<\/strong><\/p>\n<\/div><\/div>\n<\/div><\/div>\n\n\n\n<div class=\"cover_blue eplus-wrapper wp-block-cover alignfull is-light\" style=\"margin-top:-10px;margin-bottom:0;padding-top:0px;padding-bottom:0px;min-height:196px;aspect-ratio:unset;\"><img loading=\"lazy\" decoding=\"async\" width=\"4058\" height=\"428\" class=\"wp-block-cover__image-background wp-image-5681 size-large\" alt=\"\" src=\"http:\/\/munsterjazz.fr\/wp-content\/uploads\/2026\/03\/bg_13_b.svg\" data-object-fit=\"cover\"\/><span aria-hidden=\"true\" class=\"wp-block-cover__background has-background-dim-0 has-background-dim\"><\/span><div class=\"wp-block-cover__inner-container is-layout-constrained wp-block-cover-is-layout-constrained\">\n<p class=\"eplus-wrapper has-text-align-center has-large-font-size\"><\/p>\n<\/div><\/div>\n","protected":false},"excerpt":{"rendered":"<p>Qui sommes nous ? L\u2019association Jazz Festival de Munster (JFM) a \u00e9t\u00e9 fond\u00e9e en 1991, peu d&#8217;ann\u00e9es apr\u00e8s le premier Festival (1988). Elle a beaucoup souffert de la p\u00e9riode Covid et a failli disparaitre en 2023. Finalement sauv\u00e9e in extremis par une nouvelle \u00e9quipe, elle compte actuellement une quinzaine d\u2019adh\u00e9rents,<\/p>\n","protected":false},"author":2,"featured_media":0,"parent":0,"menu_order":0,"comment_status":"closed","ping_status":"closed","template":"","meta":{"inline_featured_image":false,"editor_plus_copied_stylings":"{}","footnotes":""},"class_list":["post-968","page","type-page","status-publish","hentry"],"_links":{"self":[{"href":"https:\/\/munsterjazz.fr\/index.php\/wp-json\/wp\/v2\/pages\/968","targetHints":{"allow":["GET"]}}],"collection":[{"href":"https:\/\/munsterjazz.fr\/index.php\/wp-json\/wp\/v2\/pages"}],"about":[{"href":"https:\/\/munsterjazz.fr\/index.php\/wp-json\/wp\/v2\/types\/page"}],"author":[{"embeddable":true,"href":"https:\/\/munsterjazz.fr\/index.php\/wp-json\/wp\/v2\/users\/2"}],"replies":[{"embeddable":true,"href":"https:\/\/munsterjazz.fr\/index.php\/wp-json\/wp\/v2\/comments?post=968"}],"version-history":[{"count":42,"href":"https:\/\/munsterjazz.fr\/index.php\/wp-json\/wp\/v2\/pages\/968\/revisions"}],"predecessor-version":[{"id":5726,"href":"https:\/\/munsterjazz.fr\/index.php\/wp-json\/wp\/v2\/pages\/968\/revisions\/5726"}],"wp:attachment":[{"href":"https:\/\/munsterjazz.fr\/index.php\/wp-json\/wp\/v2\/media?parent=968"}],"curies":[{"name":"wp","href":"https:\/\/api.w.org\/{rel}","templated":true}]}}